{"id":3031,"date":"2020-06-15T16:42:26","date_gmt":"2020-06-15T19:42:26","guid":{"rendered":"https:\/\/web4.com.ar\/?page_id=3031"},"modified":"2026-03-03T18:58:21","modified_gmt":"2026-03-03T21:58:21","slug":"clientes","status":"publish","type":"page","link":"https:\/\/www.web4.com.ar\/en\/clientes\/","title":{"rendered":"Clients"},"content":{"rendered":"\n[et_pb_section fb_built=\u00bb1&#8243; _builder_version=\u00bb4.16&#8243; custom_padding=\u00bb20px||80px||false|false\u00bb global_colors_info=\u00bb{}\u00bb][et_pb_row _builder_version=\u00bb4.16&#8243; width=\u00bb90%\u00bb width_tablet=\u00bb\u00bb width_phone=\u00bb75%\u00bb width_last_edited=\u00bbon|phone\u00bb module_alignment=\u00bbcenter\u00bb global_colors_info=\u00bb{}\u00bb][et_pb_column type=\u00bb4_4&#8243; _builder_version=\u00bb4.16&#8243; global_colors_info=\u00bb{}\u00bb][et_pb_text _builder_version=\u00bb4.16&#8243; custom_padding=\u00bb||30px||false|false\u00bb custom_padding_phone=\u00bb||20px||false|false\u00bb text_font_size_phone=\u00bb14px\u00bb global_colors_info=\u00bb{}\u00bb]<p>Estos son algunos de los clientes que conf\u00edan sus proyectos a <strong>Web4<\/strong><\/p>[\/et_pb_text][\/et_pb_column][\/et_pb_row][et_pb_row _builder_version=\u00bb4.16&#8243; width=\u00bb90%\u00bb width_tablet=\u00bb\u00bb width_phone=\u00bb75%\u00bb width_last_edited=\u00bbon|phone\u00bb module_alignment=\u00bbcenter\u00bb global_colors_info=\u00bb{}\u00bb][et_pb_column type=\u00bb4_4&#8243; _builder_version=\u00bb4.16&#8243; global_colors_info=\u00bb{}\u00bb][et_pb_text _builder_version=\u00bb4.27.6&#8243; _module_preset=\u00bbdefault\u00bb hover_enabled=\u00bb0&#8243; global_colors_info=\u00bb{}\u00bb sticky_enabled=\u00bb0&#8243;]<ul>\n<li><strong>ABC Representantes.<\/strong> Casting y representaciones art\u00edsticas<\/li>\n<li><strong>Abervic.<\/strong> Aberturas<\/li>\n<li><strong>Abrula Caf\u00e9.<\/strong> Servicio de vending de caf\u00e9<\/li>\n<li><strong>Action Training.<\/strong> Consultora en Recursos Humanos<\/li>\n<li><strong>Adri\u00e1n Nieva.<\/strong> Cantante<\/li>\n<li><strong>Alimentos Pomard.<\/strong> Snaks<\/li>\n<li><strong>Ampersand Studio.<\/strong> Artesan\u00edas en cer\u00e1mica<\/li>\n<li><strong>Asociaci\u00f3n Argentina de Anatom\u00eda<\/strong><\/li>\n<li><strong>Asociaci\u00f3n de Deportes Racionales.<\/strong> Club de Tenis<\/li>\n<li><strong>AV Distribuciones S.R.L.<\/strong> Productos m\u00e9dicos<\/li>\n<li><strong>Ayerdi Propiedades.<\/strong> Servicios inmobiliarios<\/li>\n<li><strong>Baby Bad.<\/strong> Mallas y trajes de ba\u00f1o<\/li>\n<li><strong>BAryArt.<\/strong> Espacio urbano<\/li>\n<li><strong>Bell&#8217;s. (Divisi\u00f3n Snaks).<\/strong> Marca propia de Supermercados Disco<\/li>\n<li><strong>Brave Knight.<\/strong> Cerveza artesanal<\/li>\n<li><strong>Buenos Aires Televisi\u00f3n.<\/strong> Estudios de TV. (Canal 13)<\/li>\n<li><strong>Campo Geneal\u00f3gico.<\/strong> Psicogenealog\u00eda, Counselling, Coaching y Constelaciones familiares<\/li>\n<li><strong>C.A.P.A.<\/strong> C\u00e1mara Argentina de la Industria de Cosm\u00e9tica y Perfumer\u00eda<\/li>\n<li><strong>C.A.S.I.C. L.A.<\/strong> Consejo de Asociaciones de la Industria de Cosm\u00e9ticos Latinoamericana<\/li>\n<li><strong>Carissima Ling\u00e9rie.<\/strong> Lencer\u00eda<\/li>\n<li><strong>Carlos Vittori.<\/strong> Tenor<\/li>\n<li><strong>Carne de Cr\u00edtica.<\/strong> Grupo de Teatro<\/li>\n<li><strong>Carolina Sorondo.<\/strong> Cantante y actriz<\/li>\n<li><strong>Casa Nelly.<\/strong> Pinturer\u00edas<\/li>\n<li><strong>Centro M\u00e9dico A.M.O.<\/strong> Asociaci\u00f3n mutual de servicios m\u00e9dicos<\/li>\n<li><strong>CF Producciones.<\/strong> Fotograf\u00eda y Video para eventos<\/li>\n<li><strong>Concentra<\/strong>. Desarrollos inmobiliarios<\/li>\n<li><strong>Congreso Argentino de Anatom\u00eda<\/strong><\/li>\n<li><strong>Contabilidad On Line.<\/strong> Informaci\u00f3n contable<\/li>\n<li><strong>Cristina y Hugo.<\/strong> D\u00fao folcl\u00f3rico (Homenaje)<\/li>\n<li><strong>Deportes Oeste.<\/strong> Indumentaria deportiva<\/li>\n<li><strong>DGES.<\/strong> Direcci\u00f3n General de Econom\u00eda Social del Gobierno de la Ciudad de Buenos Aires<\/li>\n<li><strong>Dharana.<\/strong> Manager de artistas y grupos musicales (Espa\u00f1a)<\/li>\n<li><strong>Dharana Shiva.<\/strong> Activista social (Espa\u00f1a)<\/li>\n<li><strong>Dimes y Diretes.<\/strong> Grupo de teatro + t\u00edteres<\/li>\n<li><strong>Dinar.<\/strong> L\u00edneas A\u00e9reas<\/li>\n<li><strong>DMK Dynamika.<\/strong> Sillas de ruedas<\/li>\n<li><strong>Dr. Marcelo Otero<\/strong>. Estudio contable<\/li>\n<li><strong>Ekisystems S.A.<\/strong> Sistemas electr\u00f3nicos<\/li>\n<li><strong>El Salchich\u00f3n Hist\u00e9rico.<\/strong> Fiambrer\u00eda<\/li>\n<li><strong>Estudio Calfa.<\/strong> Arquitectos<\/li>\n<li><strong>Estudio de Relaciones Internacionales.<\/strong> Gestion de visas USA<\/li>\n<li><strong>Federico Mizrahi.<\/strong> Compositor, arreglador, productor y director musical<\/li>\n<li><strong>FM Identidad 92.1 MHz.<\/strong> Radio emisora de FM<\/li>\n<li><strong>F.P.N.C.<\/strong> Fundaci\u00f3n Premio Nacional a la Calidad<\/li>\n<li><strong>FVA Packaging.<\/strong> Impresos para gastronom\u00eda<\/li>\n<li><strong>Gaby Aguirre.<\/strong> Cantante<\/li>\n<li><strong>Gisela Garc\u00eda Gleria.<\/strong> Artista pl\u00e1stica<\/li>\n<li><strong>Global Protective.<\/strong> Productos m\u00e9dicos y farmac\u00e9uticos<\/li>\n<li><strong>GL Video Pro.<\/strong> Video y Fotograf\u00eda para eventos<\/li>\n<li><strong>Gravent S.A.<\/strong> Papelera<\/li>\n<li><strong>Great Catering.<\/strong> Servicio de catering<\/li>\n<li><strong>Guillermo Fern\u00e1ndez.<\/strong> Cantante<\/li>\n<li><strong>Gustavo Longo.<\/strong> Vide\u00f3grafo<\/li>\n<li><strong>Hospital Oftalmol\u00f3gico Santa Luc\u00eda<\/strong><\/li>\n<li><strong>I-Bodyglass.<\/strong> Carrocer\u00edas de fiberglass para Hot Rod<\/li>\n<li><strong>Izar.<\/strong> Fiambres<\/li>\n<li><strong>Jorge Araldi.<\/strong> Auditor y perito inform\u00e1tico<\/li>\n<li><strong>Just Switzerland Argentina S.A<\/strong>. Productos cosm\u00e9ticos<\/li>\n<li><strong>King.<\/strong> Papel para fotocopias<\/li>\n<li><strong>Laboratorios Igaltex S.R.L.<\/strong> Productos m\u00e9dicos<\/li>\n<li><strong>La Casa de la Tribu.<\/strong> Entrenamientos de alto impacto<\/li>\n<li><strong>La France.<\/strong> Discoteca<\/li>\n<li><strong>Lenos Park.<\/strong> Congresos y Eventos Especiales<\/li>\n<li><strong>Le Qun.<\/strong> Tecnolog\u00eda terap\u00e9utica<\/li>\n<li><strong>Luis Longhi.<\/strong> Actor<\/li>\n<li><strong>Luzca Bien&#8230; Si\u00e9ntase Mejor (Look Good&#8230; Feel Better).<\/strong> Programa de ayuda a mujeres con c\u00e1ncer<strong><\/strong><\/li>\n<li><strong>Mantis.<\/strong> Soluciones inform\u00e1ticas<\/li>\n<li><strong>Materiales Famatina.<\/strong> Venta y puesta en obra de materiales para la construcci\u00f3n<\/li>\n<li><strong>MCV.<\/strong> Jamones<\/li>\n<li><strong>Metal\u00fargica Tarman.<\/strong> Accesorios para calzado<\/li>\n<li><strong>Mira.<\/strong> Tarjeta de cr\u00e9dito<\/li>\n<li><strong>M\u00f3nica Posse.<\/strong> Cantante<\/li>\n<li><strong>Monika Hiertz.<\/strong> Guitarrista<\/li>\n<li><strong>Muchinga.<\/strong> Caf\u00e9 &amp; Bar<\/li>\n<li><strong>M\u00fasica Artesanal.<\/strong> Difusi\u00f3n de producciones musicales independientes<\/li>\n<li><strong>Mystique Club.<\/strong> After office<\/li>\n<li><strong>Net Virtual Assistant.<\/strong> Secretaria Virtual<\/li>\n<li><strong>Neum\u00e1ticos Fazio.<\/strong> Servicios para el automotor<\/li>\n<li><strong>Neurociencias.<\/strong> Divulgaci\u00f3n cient\u00edfica<\/li>\n<li><strong>Nexo.<\/strong> Producciones teatrales<\/li>\n<li><strong>Nutrici\u00f3n y Vida Sana.<\/strong> Nutrici\u00f3n y Salud<\/li>\n<li><strong>ONO Music.<\/strong> Estudio de grabaci\u00f3n musical<\/li>\n<li><strong>Opint.<\/strong> Sistemas de pintado industrial<\/li>\n<li><strong>Owlglance.<\/strong> Arte y decoraci\u00f3n de grandes dimensiones<\/li>\n<li><strong>Oxen Disco.<\/strong> Discoteca<\/li>\n<li><strong>Pamplina.<\/strong> Pr\u00eat-\u00e0-porter<\/li>\n<li><strong>Paws 4 All Pet Supplies.<\/strong> Art\u00edculos para mascotas (Estados Unidos)<\/li>\n<li><strong>Pecas Pequitas.<\/strong> Grupo de Teatro<\/li>\n<li><strong>Perla&#8217; S.<\/strong> Pr\u00eat-\u00e0-porter<\/li>\n<li><strong>Porcelana Tsuji S.A.<\/strong> Vajilla de porcelana<\/li>\n<li><strong>Psicop\u00e1ginas.<\/strong> Revista de divulgaci\u00f3n del Psicoan\u00e1lisis<\/li>\n<li><strong>Puig Deporterapia.<\/strong> Tratamiento deportivo para el espectro autista<\/li>\n<li><strong>RCV Estudio Creativo.<\/strong> Video y fotograf\u00eda para eventos<\/li>\n<li><strong>Revista Argentina de Anatom\u00eda Online.<\/strong> Revista de divulgaci\u00f3n cient\u00edfica<\/li>\n<li><strong>Romero Construcciones.<\/strong> Empresa constructora<\/li>\n<li><strong>Rub\u00e9n Deportes.<\/strong> Indumentaria Deportiva<\/li>\n<li><strong>San Jos\u00e9.<\/strong> F\u00e1brica de escaleras y caballetes<\/li>\n<li><strong>Sergio Risso &amp; Asoc.<\/strong> Fotograf\u00eda para eventos<\/li>\n<li><strong>Set Out English.<\/strong> Estudio de ense\u00f1anza de lengua inglesa y traducciones<\/li>\n<li><strong>Sharps One.<\/strong> Agujas para tattoo<\/li>\n<li><strong>Sipriana.<\/strong> Servicio de catering<\/li>\n<li><strong>Skyline.<\/strong> Camperas<\/li>\n<li><strong>Snack Bar.<\/strong> Snacks<\/li>\n<li><strong>S\u00d6E Details.<\/strong> Artesan\u00edas en vitrofusi\u00f3n<\/li>\n<li><strong>Soguilo S.A.<\/strong> Ferreter\u00eda industrial<\/li>\n<li><strong>Special Day Eventos.<\/strong> Wedding planner y organizaci\u00f3n de eventos<\/li>\n<li><strong>Tejidos del Rinc\u00f3n S.A.<\/strong> F\u00e1brica de lonas y telas para calzado y marroquiner\u00eda<\/li>\n<li><strong>Teleplata S.A.<\/strong> Circuitos Cerrados de TV y Sistemas de Seguridad<strong><\/strong><\/li>\n<li><strong>The Hotstripboys.<\/strong> Show de strippers<\/li>\n<li><strong>Tienda Redes.<\/strong> Portal de Emprendedores Argentinos<\/li>\n<li><strong>Topis Music.<\/strong> Producciones musicales<\/li>\n<li><strong>Tor S.A.<\/strong> Metal\u00fargica<\/li>\n<li><strong>Trauma Protecci\u00f3n del Accidentado.<\/strong> Asociaci\u00f3n Civil<\/li>\n<li><strong>Tresantrip S.R.L.<\/strong> Subproductos ganaderos<\/li>\n<li><strong>Tu Piel, Mi Piel Cosmetolog\u00eda.<\/strong> Venta de cosm\u00e9ticos<\/li>\n<li><strong>Universidad Favaloro<\/strong><\/li>\n<li><strong>Urbana Desarrollos Audiovisuales.<\/strong> Video producciones<\/li>\n<li><strong>Uztek.<\/strong> Indumentaria<\/li>\n<li><strong>V\u00eda L\u00e1ctea.<\/strong> Joyas<\/li>\n<li><strong>Virginia Pagola.<\/strong> Guitarrista<\/li>\n<li><strong>Walzen Swisse Argentina S.A.<\/strong> Productos cosm\u00e9ticos<\/li>\n<li><strong>Wildshark.<\/strong> Body piercing<\/li>\n<\/ul>[\/et_pb_text][\/et_pb_column][\/et_pb_row][\/et_pb_section]\n","protected":false},"excerpt":{"rendered":"<p>Estos son algunos de los clientes que nos conf\u00edan sus proyectos.<\/p>","protected":false},"author":1,"featured_media":9095,"parent":0,"menu_order":0,"comment_status":"closed","ping_status":"closed","template":"","meta":{"_et_pb_use_builder":"on","_et_pb_old_content":"","_et_gb_content_width":"","footnotes":""},"class_list":["post-3031","page","type-page","status-publish","has-post-thumbnail","hentry"],"a3_pvc":{"activated":false,"total_views":949,"today_views":0},"_links":{"self":[{"href":"https:\/\/www.web4.com.ar\/en\/wp-json\/wp\/v2\/pages\/3031","targetHints":{"allow":["GET"]}}],"collection":[{"href":"https:\/\/www.web4.com.ar\/en\/wp-json\/wp\/v2\/pages"}],"about":[{"href":"https:\/\/www.web4.com.ar\/en\/wp-json\/wp\/v2\/types\/page"}],"author":[{"embeddable":true,"href":"https:\/\/www.web4.com.ar\/en\/wp-json\/wp\/v2\/users\/1"}],"replies":[{"embeddable":true,"href":"https:\/\/www.web4.com.ar\/en\/wp-json\/wp\/v2\/comments?post=3031"}],"version-history":[{"count":8,"href":"https:\/\/www.web4.com.ar\/en\/wp-json\/wp\/v2\/pages\/3031\/revisions"}],"predecessor-version":[{"id":12228,"href":"https:\/\/www.web4.com.ar\/en\/wp-json\/wp\/v2\/pages\/3031\/revisions\/12228"}],"wp:featuredmedia":[{"embeddable":true,"href":"https:\/\/www.web4.com.ar\/en\/wp-json\/wp\/v2\/media\/9095"}],"wp:attachment":[{"href":"https:\/\/www.web4.com.ar\/en\/wp-json\/wp\/v2\/media?parent=3031"}],"curies":[{"name":"wp","href":"https:\/\/api.w.org\/{rel}","templated":true}]}}