{"id":177,"date":"2019-11-16T19:56:27","date_gmt":"2019-11-16T22:56:27","guid":{"rendered":"https:\/\/web4.com.ar\/?page_id=177"},"modified":"2025-02-17T12:09:07","modified_gmt":"2025-02-17T15:09:07","slug":"portfolio-de-trabajos","status":"publish","type":"page","link":"https:\/\/www.web4.com.ar\/en\/portfolio-de-trabajos\/","title":{"rendered":"Portfolio"},"content":{"rendered":"\n[et_pb_section fb_built=\u00bb1&#8243; custom_padding_last_edited=\u00bbon|phone\u00bb _builder_version=\u00bb4.16&#8243; custom_padding=\u00bb20px|0px|20px|0px|false|false\u00bb custom_padding_tablet=\u00bb\u00bb custom_padding_phone=\u00bb\u00bb global_colors_info=\u00bb{}\u00bb][et_pb_row use_custom_gutter=\u00bbon\u00bb _builder_version=\u00bb4.16&#8243; width=\u00bb95%\u00bb width_tablet=\u00bb\u00bb width_phone=\u00bb\u00bb width_last_edited=\u00bbon|desktop\u00bb max_width=\u00bb93%\u00bb module_alignment=\u00bbcenter\u00bb custom_padding=\u00bb|30px||30px\u00bb use_custom_width=\u00bbon\u00bb width_unit=\u00bboff\u00bb custom_width_percent=\u00bb93%\u00bb global_colors_info=\u00bb{}\u00bb][et_pb_column type=\u00bb4_4&#8243; _builder_version=\u00bb4.16&#8243; custom_padding=\u00bb|||\u00bb global_colors_info=\u00bb{}\u00bb custom_padding__hover=\u00bb|||\u00bb][et_pb_text _builder_version=\u00bb4.27.0&#8243; custom_padding=\u00bb||30px||false|false\u00bb global_colors_info=\u00bb{}\u00bb]<p>Te invito a conocer mi portfolio de trabajos realizados a mis clientes.<br \/>Selecciona la categor\u00eda y clica sobre las im\u00e1genes para ver m\u00e1s informaci\u00f3n.<\/p>[\/et_pb_text][et_pb_filterable_portfolio fullwidth=\u00bboff\u00bb posts_number=\u00bb12&#8243; include_categories=\u00bb3,11,10,9,6,4,5,138&#8243; show_categories=\u00bboff\u00bb hover_overlay_color=\u00bbrgba(255,255,255,0.7)\u00bb _builder_version=\u00bb4.27.4&#8243; title_font=\u00bb||||||||\u00bb title_text_color=\u00bb#8f8f8f\u00bb title_font_size=\u00bb15px\u00bb title_line_height=\u00bb1.2em\u00bb filter_font=\u00bb|700|||||||\u00bb filter_line_height=\u00bb1.4em\u00bb caption_font=\u00bb||||||||\u00bb pagination_font=\u00bb||||||||\u00bb pagination_font_size=\u00bb14px\u00bb title_text_color_tablet=\u00bb\u00bb title_text_color_phone=\u00bb\u00bb title_text_color_last_edited=\u00bbon|phone\u00bb title_font_size_tablet=\u00bb13px\u00bb title_font_size_phone=\u00bb\u00bb title_font_size_last_edited=\u00bbon|phone\u00bb title_line_height_tablet=\u00bb1.7em\u00bb title_line_height_phone=\u00bb3em\u00bb title_line_height_last_edited=\u00bbon|desktop\u00bb pagination_font_size_tablet=\u00bb\u00bb pagination_font_size_phone=\u00bb12px\u00bb pagination_font_size_last_edited=\u00bbon|phone\u00bb border_color_all_image=\u00bb#ffffff\u00bb border_width_all_image_tablet=\u00bb0px\u00bb border_width_all_image_phone=\u00bb0px\u00bb border_width_all_image_last_edited=\u00bbon|phone\u00bb box_shadow_style_image=\u00bbpreset2&#8243; box_shadow_blur_image=\u00bb8px\u00bb global_colors_info=\u00bb{}\u00bb][\/et_pb_filterable_portfolio][\/et_pb_column][\/et_pb_row][\/et_pb_section]\n","protected":false},"excerpt":{"rendered":"<p>Cat\u00e1logo de trabajos realizados<\/p>","protected":false},"author":1,"featured_media":9084,"parent":0,"menu_order":0,"comment_status":"closed","ping_status":"closed","template":"","meta":{"_et_pb_use_builder":"on","_et_pb_old_content":"","_et_gb_content_width":"","footnotes":""},"class_list":["post-177","page","type-page","status-publish","has-post-thumbnail","hentry"],"a3_pvc":{"activated":false,"total_views":1186,"today_views":0},"_links":{"self":[{"href":"https:\/\/www.web4.com.ar\/en\/wp-json\/wp\/v2\/pages\/177","targetHints":{"allow":["GET"]}}],"collection":[{"href":"https:\/\/www.web4.com.ar\/en\/wp-json\/wp\/v2\/pages"}],"about":[{"href":"https:\/\/www.web4.com.ar\/en\/wp-json\/wp\/v2\/types\/page"}],"author":[{"embeddable":true,"href":"https:\/\/www.web4.com.ar\/en\/wp-json\/wp\/v2\/users\/1"}],"replies":[{"embeddable":true,"href":"https:\/\/www.web4.com.ar\/en\/wp-json\/wp\/v2\/comments?post=177"}],"version-history":[{"count":5,"href":"https:\/\/www.web4.com.ar\/en\/wp-json\/wp\/v2\/pages\/177\/revisions"}],"predecessor-version":[{"id":12256,"href":"https:\/\/www.web4.com.ar\/en\/wp-json\/wp\/v2\/pages\/177\/revisions\/12256"}],"wp:featuredmedia":[{"embeddable":true,"href":"https:\/\/www.web4.com.ar\/en\/wp-json\/wp\/v2\/media\/9084"}],"wp:attachment":[{"href":"https:\/\/www.web4.com.ar\/en\/wp-json\/wp\/v2\/media?parent=177"}],"curies":[{"name":"wp","href":"https:\/\/api.w.org\/{rel}","templated":true}]}}