{"id":148,"date":"2019-11-16T19:10:27","date_gmt":"2019-11-16T22:10:27","guid":{"rendered":"https:\/\/web4.com.ar\/?page_id=148"},"modified":"2026-03-03T18:55:31","modified_gmt":"2026-03-03T21:55:31","slug":"adrian-pablo-conti","status":"publish","type":"page","link":"https:\/\/www.web4.com.ar\/en\/adrian-pablo-conti\/","title":{"rendered":"About me"},"content":{"rendered":"\n[et_pb_section fb_built=\u00bb1&#8243; admin_label=\u00bbAdrian\u00bb _builder_version=\u00bb4.27.4&#8243; custom_padding=\u00bb||62px|||\u00bb global_colors_info=\u00bb{}\u00bb][et_pb_row column_structure=\u00bb2_5,3_5&#8243; use_custom_gutter=\u00bbon\u00bb custom_padding_last_edited=\u00bbon|tablet\u00bb admin_label=\u00bbAdrian\u00bb _builder_version=\u00bb4.27.4&#8243; custom_padding=\u00bb50px|0px|50px|0px|true|false\u00bb custom_padding_tablet=\u00bb0px||0px||true|false\u00bb custom_padding_phone=\u00bb\u00bb global_colors_info=\u00bb{}\u00bb][et_pb_column type=\u00bb2_5&#8243; _builder_version=\u00bb4.16&#8243; custom_padding=\u00bb|||\u00bb global_colors_info=\u00bb{}\u00bb custom_padding__hover=\u00bb|||\u00bb][et_pb_image src=\u00bbhttps:\/\/web4.com.ar\/wp-content\/uploads\/2019\/11\/perfil.jpg\u00bb alt=\u00bbDirector de Web4 Estudio Creativo de Dise\u00f1o Gr\u00e1fico y Web\u00bb title_text=\u00bbAdrian Pablo Conti\u00bb align=\u00bbcenter\u00bb align_tablet=\u00bbcenter\u00bb align_phone=\u00bb\u00bb align_last_edited=\u00bbon|desktop\u00bb _builder_version=\u00bb4.27.4&#8243; max_width=\u00bb90%\u00bb max_width_tablet=\u00bb80%\u00bb max_width_phone=\u00bb\u00bb max_width_last_edited=\u00bbon|phone\u00bb custom_margin=\u00bb110px||40px||false|false\u00bb custom_margin_tablet=\u00bb\u00bb custom_margin_phone=\u00bb\u00bb custom_margin_last_edited=\u00bbon|phone\u00bb module_alignment_tablet=\u00bbcenter\u00bb module_alignment_phone=\u00bb\u00bb module_alignment_last_edited=\u00bbon|tablet\u00bb box_shadow_style=\u00bbpreset3&#8243; box_shadow_vertical=\u00bb16px\u00bb box_shadow_blur=\u00bb8px\u00bb global_colors_info=\u00bb{}\u00bb][\/et_pb_image][\/et_pb_column][et_pb_column type=\u00bb3_5&#8243; _builder_version=\u00bb4.16&#8243; custom_padding=\u00bb|||\u00bb global_colors_info=\u00bb{}\u00bb custom_padding__hover=\u00bb|||\u00bb][et_pb_text _builder_version=\u00bb4.27.6&#8243; text_line_height=\u00bb2em\u00bb header_text_color=\u00bb#000000&#8243; header_font_size=\u00bb22px\u00bb header_2_text_color=\u00bb#000000&#8243; header_2_line_height=\u00bb1.4em\u00bb custom_padding=\u00bb0px||0px|4px|true|false\u00bb hover_enabled=\u00bb0&#8243; text_font_size_phone=\u00bb14px\u00bb header_font_size_phone=\u00bb18px\u00bb global_colors_info=\u00bb{}\u00bb sticky_enabled=\u00bb0&#8243;]<h2 style=\"text-align: left;\">Adri\u00e1n Pablo Conti<\/h2>\n<p>&nbsp;<\/p>\n<p>\u00a1Hola! Soy <strong>Adri\u00e1n Pablo Conti<\/strong>, Dise\u00f1ador Gr\u00e1fico y Web con amplio conocimiento en Dise\u00f1o UX\/UI, y m\u00e1s de 30 a\u00f1os de experiencia en la creaci\u00f3n de soluciones visuales innovadoras y efectivas.<\/p>\n<p>Me considero un profesional que trabaja con criterio, sentido com\u00fan, empat\u00eda y atenci\u00f3n al detalle.<\/p>\n<p>Busco desarrollar experiencias satisfactorias para los usuarios a trav\u00e9s de ideas de dise\u00f1o eficientes, con sentido est\u00e9tico y siempre priorizando la funcionalidad y usabilidad.<\/p>\n<p>Me especializo en dise\u00f1o de identidad corporativa, branding, sitios web y tiendas virtuales, adem\u00e1s de dise\u00f1o digital impreso, editorial y packaging, entre otras \u00e1reas.<\/p>\n<p>Mi visi\u00f3n creativa se basa en la investigaci\u00f3n y la comprensi\u00f3n del mercado y la audiencia objetivo, dando vida a las ideas de mis clientes a trav\u00e9s de dise\u00f1os atractivos y funcionales, capturando la atenci\u00f3n y comunicando el mensaje de manera clara y efectiva.<\/p>\n<p>Mi objetivo profesional es proporcionar identidad visual con una perspectiva innovadora y creativa, a aquellos clientes que reconocen que la imagen es el primer punto de interacci\u00f3n con sus posibles consumidores, la cual debe ser adecuada, personalizada, est\u00e9tica, funcional y competente.<\/p>\n<p>&nbsp;<\/p>\n<p><a href=\"https:\/\/www.web4.com.ar\/wp-content\/uploads\/2025\/08\/CV-Adrian-Pablo-Conti-DG-2025.pdf\" target=\"_blank\" rel=\"noopener\">Descargar CV [PDF, 475Kb]<\/a><\/p>[\/et_pb_text][\/et_pb_column][\/et_pb_row][\/et_pb_section][et_pb_section fb_built=\u00bb1&#8243; prev_background_color=\u00bb#ffffff\u00bb next_background_color=\u00bb#ffffff\u00bb admin_label=\u00bbWeb 4&#8243; _builder_version=\u00bb4.27.4&#8243; background_color=\u00bb#00304c\u00bb background_image=\u00bbhttps:\/\/www.web4.com.ar\/wp-content\/uploads\/2025\/03\/Banner-logo-web4-2.jpg\u00bb module_alignment=\u00bbcenter\u00bb custom_padding=\u00bb80px||80px||true|false\u00bb top_divider_style=\u00bbwave\u00bb top_divider_height_tablet=\u00bb60px\u00bb top_divider_height_phone=\u00bb60px\u00bb top_divider_height_last_edited=\u00bbon|tablet\u00bb bottom_divider_style=\u00bbwave\u00bb bottom_divider_height=\u00bb60px\u00bb bottom_divider_height_tablet=\u00bb60px\u00bb bottom_divider_height_phone=\u00bb60px\u00bb bottom_divider_height_last_edited=\u00bbon|phone\u00bb global_colors_info=\u00bb{}\u00bb][et_pb_row column_structure=\u00bb2_5,3_5&#8243; use_custom_gutter=\u00bbon\u00bb custom_padding_last_edited=\u00bbon|tablet\u00bb admin_label=\u00bbWeb 4&#8243; _builder_version=\u00bb4.27.4&#8243; custom_padding=\u00bb50px|0px|50px|0px|true|false\u00bb custom_padding_tablet=\u00bb0px||0px||true|false\u00bb custom_padding_phone=\u00bb\u00bb global_colors_info=\u00bb{}\u00bb][et_pb_column type=\u00bb2_5&#8243; _builder_version=\u00bb4.16&#8243; custom_padding=\u00bb|||\u00bb global_colors_info=\u00bb{}\u00bb custom_padding__hover=\u00bb|||\u00bb][et_pb_image src=\u00bbhttps:\/\/www.web4.com.ar\/wp-content\/uploads\/2025\/03\/Logo-w4-neon-con-metal-cuadrado.jpg\u00bb title_text=\u00bbLogo w4 neon con metal cuadrado\u00bb align=\u00bbcenter\u00bb align_tablet=\u00bbcenter\u00bb align_phone=\u00bbcenter\u00bb align_last_edited=\u00bbon|desktop\u00bb _builder_version=\u00bb4.27.4&#8243; _module_preset=\u00bbdefault\u00bb max_width=\u00bb90%\u00bb max_width_tablet=\u00bb80%\u00bb max_width_phone=\u00bb80%\u00bb max_width_last_edited=\u00bbon|phone\u00bb custom_margin=\u00bb150px||40px||false|false\u00bb custom_margin_tablet=\u00bb60px||40px||false|false\u00bb custom_margin_phone=\u00bb||40px\u00bb custom_margin_last_edited=\u00bbon|phone\u00bb border_width_all=\u00bb1px\u00bb border_color_all=\u00bb#0C0800&#8243; box_shadow_style=\u00bbpreset3&#8243; box_shadow_vertical=\u00bb16px\u00bb box_shadow_blur=\u00bb8px\u00bb global_colors_info=\u00bb{}\u00bb][\/et_pb_image][\/et_pb_column][et_pb_column type=\u00bb3_5&#8243; _builder_version=\u00bb4.16&#8243; custom_padding=\u00bb|||\u00bb global_colors_info=\u00bb{}\u00bb custom_padding__hover=\u00bb|||\u00bb][et_pb_text _builder_version=\u00bb4.27.4&#8243; text_text_color=\u00bb#FFFFFF\u00bb text_line_height=\u00bb2em\u00bb header_text_color=\u00bb#FFFFFF\u00bb header_font_size=\u00bb22px\u00bb header_2_text_color=\u00bb#F9CC00&#8243; header_2_line_height=\u00bb2.5em\u00bb custom_padding=\u00bb0px||0px|4px|true|false\u00bb text_font_size_phone=\u00bb14px\u00bb header_font_size_phone=\u00bb18px\u00bb global_colors_info=\u00bb{}\u00bb]<h2>Web 4<\/h2>\n<p>&nbsp;<\/p>\n<p>Desde 1993 dirijo <em><strong>Web 4 Estudio Creativo de Dise\u00f1o Gr\u00e1fico y Web<\/strong><\/em>, ubicado en la Ciudad de Buenos Aires (Argentina)<br \/>Me especializo en el desarrollo de identidad visual, dise\u00f1o web y tiendas online, dise\u00f1o editorial, cat\u00e1logos, revistas y dise\u00f1o de packaging, entre otros.<\/p>\n<p>Desde 2015 me desempe\u00f1o como dise\u00f1ador gr\u00e1fico, editor general y webmaster de la <strong><em>Revista Argentina de Anatom\u00eda Online<\/em><\/strong>, publicaci\u00f3n trimestral de la Asociaci\u00f3n Argentina de Anatom\u00eda.<\/p>\n<p style=\"text-align: left;\"><strong><em><a href=\"https:\/\/web4.com.ar\/portfolio\/\"><\/a> <\/em><\/strong><\/p>\n<p style=\"text-align: left;\">A trav\u00e9s de\u00a0 mi <em><\/em><strong><em><a href=\"https:\/\/web4.com.ar\/mi-blog-de-informacion-destacada-para-clientes\/\">Blog de informaci\u00f3n destacada para clientes.<\/a> <\/em><\/strong>escribo art\u00edculos orientados a informar y dar consejos para optimizar el desarrollo de proyectos creativos.<br \/><strong><em><\/em><\/strong>Con un lenguaje cotidiano y mostr\u00e1ndote ejemplos que seguramente conocer\u00e1s, pretendo que me conozcas a trav\u00e9s de mis conocimientos y mi capacidad profesional, para integrarme a tu equipo de trabajo.<\/p>\n<p style=\"text-align: left;\">Te invito a que conozcas <strong><em><a href=\"https:\/\/web4.com.ar\/portfolio\/\">Portfolio <\/a><\/em><\/strong>donde podr\u00e1s ver algunos de los trabajos realizados a mis clientes.<br \/><strong><em><\/em><\/strong>Muchas gracias.<\/p>[\/et_pb_text][\/et_pb_column][\/et_pb_row][\/et_pb_section][et_pb_section fb_built=\u00bb1&#8243; admin_label=\u00bbCertificaciones\u00bb _builder_version=\u00bb4.27.4&#8243; custom_padding=\u00bb||62px|||\u00bb global_colors_info=\u00bb{}\u00bb][et_pb_row admin_label=\u00bbCertificaciones\u00bb _builder_version=\u00bb4.27.4&#8243; _module_preset=\u00bbdefault\u00bb global_colors_info=\u00bb{}\u00bb][et_pb_column type=\u00bb4_4&#8243; _builder_version=\u00bb4.27.4&#8243; _module_preset=\u00bbdefault\u00bb global_colors_info=\u00bb{}\u00bb][et_pb_text _builder_version=\u00bb4.27.4&#8243; _module_preset=\u00bbdefault\u00bb custom_padding=\u00bb0px|0px|60px|0px|false|true\u00bb global_colors_info=\u00bb{}\u00bb]<h2>Certificaciones<\/h2>\n<p>&nbsp;<\/p>\n<p>En un mundo donde la tecnolog\u00eda avanza a pasos agigantados, es esencial mantenerse actualizado, especialmente en el \u00e1mbito del dise\u00f1o gr\u00e1fico.<\/p>\n<p>Participar en cursos y obtener certificaciones no solo enriquece mis habilidades profesionales, sino que tambi\u00e9n me permite dominar las \u00faltimas tendencias y herramientas del sector.<\/p>\n<p>Estoy convencido que invertir en formaci\u00f3n es invertir en futuro, ya que un dise\u00f1o innovador y profesional es clave para destacar en un mercado cada vez m\u00e1s competitivo y llevar la creatividad al siguiente nivel.<\/p>[\/et_pb_text][deg_elastic_gallery gallery_mode=\u00bbminimized\u00bb gallery_minimized_limit=\u00bb15&#8243; gallery_minimized_text=\u00bbver m\u00e1s\u00bb gallery_ids=\u00bb9362,9363,9364,9365,9366,9367,9368,9369,9370,9371,9372,9373,9374,9375,9376,9377,9401,11946&#8243; row_height=\u00bb200&#8243; randomize=\u00bbnew\u00bb zoom_icon_color=\u00bb#FFFFFF\u00bb hover_overlay_color=\u00bbrgba(237,134,0,0.7)\u00bb hover_icon=\u00bb&#x54;||divi||400&#8243; pagination_buttons_background=\u00bb#ED8600&#8243; overlay_content_animation=\u00bbdeg-right-enter\u00bb image_hover_animation=\u00bbscale-in-center\u00bb pagination_padding=\u00bb5px|10px|5px|10px|true|true\u00bb _builder_version=\u00bb4.27.4&#8243; _module_preset=\u00bbdefault\u00bb pagination_font=\u00bb||||||||\u00bb border_width_all_image=\u00bb1px\u00bb border_color_all_image=\u00bb#EDEDED\u00bb global_colors_info=\u00bb{}\u00bb][\/deg_elastic_gallery][\/et_pb_column][\/et_pb_row][\/et_pb_section]\n<div class=\"pvc_clear\"><\/div><p id=\"pvc_stats_148\" class=\"pvc_stats all  \" data-element-id=\"148\" style=\"\"><i class=\"pvc-stats-icon small\" aria-hidden=\"true\"><svg aria-hidden=\"true\" focusable=\"false\" data-prefix=\"far\" data-icon=\"chart-bar\" role=\"img\" xmlns=\"http:\/\/www.w3.org\/2000\/svg\" viewBox=\"0 0 512 512\" class=\"svg-inline--fa fa-chart-bar fa-w-16 fa-2x\"><path fill=\"currentColor\" d=\"M396.8 352h22.4c6.4 0 12.8-6.4 12.8-12.8V108.8c0-6.4-6.4-12.8-12.8-12.8h-22.4c-6.4 0-12.8 6.4-12.8 12.8v230.4c0 6.4 6.4 12.8 12.8 12.8zm-192 0h22.4c6.4 0 12.8-6.4 12.8-12.8V140.8c0-6.4-6.4-12.8-12.8-12.8h-22.4c-6.4 0-12.8 6.4-12.8 12.8v198.4c0 6.4 6.4 12.8 12.8 12.8zm96 0h22.4c6.4 0 12.8-6.4 12.8-12.8V204.8c0-6.4-6.4-12.8-12.8-12.8h-22.4c-6.4 0-12.8 6.4-12.8 12.8v134.4c0 6.4 6.4 12.8 12.8 12.8zM496 400H48V80c0-8.84-7.16-16-16-16H16C7.16 64 0 71.16 0 80v336c0 17.67 14.33 32 32 32h464c8.84 0 16-7.16 16-16v-16c0-8.84-7.16-16-16-16zm-387.2-48h22.4c6.4 0 12.8-6.4 12.8-12.8v-70.4c0-6.4-6.4-12.8-12.8-12.8h-22.4c-6.4 0-12.8 6.4-12.8 12.8v70.4c0 6.4 6.4 12.8 12.8 12.8z\" class=\"\"><\/path><\/svg><\/i> <img loading=\"lazy\" decoding=\"async\" width=\"16\" height=\"16\" alt=\"Loading\" src=\"https:\/\/www.web4.com.ar\/wp-content\/plugins\/page-views-count\/ajax-loader-2x.gif\" border=0 \/><\/p><div class=\"pvc_clear\"><\/div>","protected":false},"excerpt":{"rendered":"<p>Acerca de Adri\u00e1n Pablo Conti. Dise\u00f1ador gr\u00e1fico y web. Director de Web 4 Dise\u00f1o Gr\u00e1fico + Web.<br \/>\nEditor general y webmaster de la Revista Argentina de Anatom\u00eda Online<\/p>","protected":false},"author":1,"featured_media":188,"parent":0,"menu_order":0,"comment_status":"closed","ping_status":"closed","template":"","meta":{"_et_pb_use_builder":"on","_et_pb_old_content":"<!-- wp:columns -->\n<div class=\"wp-block-columns\"><!-- wp:column {\"width\":33.33} -->\n<div class=\"wp-block-column\" style=\"flex-basis:33.33%\"><\/div>\n<!-- \/wp:column -->\n\n<!-- wp:column {\"width\":66.66} -->\n<div class=\"wp-block-column\" style=\"flex-basis:66.66%\"><!-- wp:paragraph -->\n<p>Web4 es un estudio creativo freelance de Dise\u00f1o Gr\u00e1fico y\nWeb ubicado en la Ciudad de Buenos Aires, que ofrece soluciones integrales en\ndiversas \u00e1reas de Dise\u00f1o Gr\u00e1fico: identidad visual, comunicaci\u00f3n institucional,\ndesarrollos de web sites responsivos y tiendas online, dise\u00f1o editorial, papeler\u00edas,\ncat\u00e1logos, revistas y dise\u00f1o de packaging, entre otros.<\/p>\n<!-- \/wp:paragraph -->\n\n<!-- wp:paragraph -->\n<p>Creado y dirigido Adri\u00e1n Pablo Conti (Dise\u00f1ador Gr\u00e1fico -\nUBA - Universidad de Buenos Aires), desde 1993 brinda soluciones gr\u00e1ficas a\ntodo tipo de empresas, PyMes, ONGs, instituciones, profesionales\nindependientes, emprendedores, artistas y particulares, que buscan tener una\nimagen profesional que les permita insertarse eficazmente en un mercado\ncompetitivo, que cada d\u00eda requiere de mayor solidez en cuanto a imagen y\ncomunicaci\u00f3n visual.<\/p>\n<!-- \/wp:paragraph -->\n\n<!-- wp:paragraph -->\n<p>Desde 2015 se desempe\u00f1a como dise\u00f1ador gr\u00e1fico, editor\ngeneral y webmaster de la Revista Argentina de Anatom\u00eda Online, publicaci\u00f3n\ntrimestral de la Asociaci\u00f3n Argentina de Anatom\u00eda y de la Asociaci\u00f3n\nPanamericana de Anatom\u00eda.<\/p>\n<!-- \/wp:paragraph --><\/div>\n<!-- \/wp:column --><\/div>\n<!-- \/wp:columns -->","_et_gb_content_width":"","footnotes":""},"class_list":["post-148","page","type-page","status-publish","has-post-thumbnail","hentry"],"a3_pvc":{"activated":true,"total_views":1036,"today_views":0},"_links":{"self":[{"href":"https:\/\/www.web4.com.ar\/en\/wp-json\/wp\/v2\/pages\/148","targetHints":{"allow":["GET"]}}],"collection":[{"href":"https:\/\/www.web4.com.ar\/en\/wp-json\/wp\/v2\/pages"}],"about":[{"href":"https:\/\/www.web4.com.ar\/en\/wp-json\/wp\/v2\/types\/page"}],"author":[{"embeddable":true,"href":"https:\/\/www.web4.com.ar\/en\/wp-json\/wp\/v2\/users\/1"}],"replies":[{"embeddable":true,"href":"https:\/\/www.web4.com.ar\/en\/wp-json\/wp\/v2\/comments?post=148"}],"version-history":[{"count":23,"href":"https:\/\/www.web4.com.ar\/en\/wp-json\/wp\/v2\/pages\/148\/revisions"}],"predecessor-version":[{"id":12226,"href":"https:\/\/www.web4.com.ar\/en\/wp-json\/wp\/v2\/pages\/148\/revisions\/12226"}],"wp:featuredmedia":[{"embeddable":true,"href":"https:\/\/www.web4.com.ar\/en\/wp-json\/wp\/v2\/media\/188"}],"wp:attachment":[{"href":"https:\/\/www.web4.com.ar\/en\/wp-json\/wp\/v2\/media?parent=148"}],"curies":[{"name":"wp","href":"https:\/\/api.w.org\/{rel}","templated":true}]}}